{"id":906,"date":"2017-01-24T13:59:01","date_gmt":"2017-01-24T12:59:01","guid":{"rendered":"https:\/\/slurink.nl\/?page_id=906"},"modified":"2017-01-24T13:59:01","modified_gmt":"2017-01-24T12:59:01","slug":"gtl-fuel-marine","status":"publish","type":"page","link":"https:\/\/www.slurink.nl\/de\/uber-slurink\/produktinformation\/gtl-fuel-marine\/","title":{"rendered":"GTL Fuel Marine"},"content":{"rendered":"<h2>Was ist Shell GTL Fuel?<\/h2>\n<p>&nbsp;<\/p>\n<p>\u201eGTL\u201c ist die Abku\u0308rzung fu\u0308r Gas-to-Liquid. Das ist ein flu\u0308ssiger (Diesel-)Kraftstoff, der aus Erdgas gewonnen wird. In einem komplizierten Verfahren wird Erdgas in einen synthetischen Dieselkraftstoff umgewandelt: Shell GTL Fuel Marine, abgeku\u0308rzt GTL Fuel. GTL Fuel ist ein so genannter \u201cDrop-in-Kraftstoff\u201d. Mit anderen Worten: er kann ohne Anpassungen eingesetzt werden.Herk\u00f6mmlicher Diesel ist gelblich, w\u00e4hrend GTL Fuel keine Farbe hat, sondern wie normales Wasser aussieht. Der gr\u00f6\u00dfte Unterschied zwischen GTL Fuel und Diesel ist, dass GTL Fuel aus Erdgas gewonnen wird und Diesel aus Erd\u00f6l. Bei der Verbrennung von Shell GTL Fuel werden viel geringere Mengen Stickstoffoxid, Schwefeloxid und Feinstaub freigesetzt als bei Diesel. Dadurch tr\u00e4gt GTL Fuel direkt zur Senkung lokaler Emissionen bei.<\/p>\n<p><a href=\"https:\/\/slurink.nl\/wp-content\/uploads\/oliekronkels-GTL-Duits.pdf\" target=\"_blank\">Mehr lesen \/ downloaden PDF<\/a><\/p>\n","protected":false},"excerpt":{"rendered":"<p>Was ist Shell GTL Fuel? &nbsp; \u201eGTL\u201c ist die Abku\u0308rzung&#8230;<\/p>\n","protected":false},"author":3,"featured_media":902,"parent":624,"menu_order":0,"comment_status":"closed","ping_status":"closed","template":"","meta":{"footnotes":""},"class_list":["post-906","page","type-page","status-publish","has-post-thumbnail","hentry"],"yoast_head":"<!-- This site is optimized with the Yoast SEO plugin v27.3 - https:\/\/yoast.com\/product\/yoast-seo-wordpress\/ -->\n<title>GTL Fuel Marine - Slurink<\/title>\n<meta name=\"robots\" content=\"index, follow, max-snippet:-1, max-image-preview:large, max-video-preview:-1\" \/>\n<link rel=\"canonical\" href=\"https:\/\/www.slurink.nl\/de\/uber-slurink\/produktinformation\/gtl-fuel-marine\/\" \/>\n<meta property=\"og:locale\" content=\"de_DE\" \/>\n<meta property=\"og:type\" content=\"article\" \/>\n<meta property=\"og:title\" content=\"GTL Fuel Marine - Slurink\" \/>\n<meta property=\"og:description\" content=\"Was ist Shell GTL Fuel? &nbsp; \u201eGTL\u201c ist die Abku\u0308rzung...\" \/>\n<meta property=\"og:url\" content=\"https:\/\/www.slurink.nl\/de\/uber-slurink\/produktinformation\/gtl-fuel-marine\/\" \/>\n<meta property=\"og:site_name\" content=\"Slurink\" \/>\n<meta property=\"og:image\" content=\"https:\/\/www.slurink.nl\/wp-content\/uploads\/oliekronkels-GTL-NL.jpg\" \/>\n\t<meta property=\"og:image:width\" content=\"778\" \/>\n\t<meta property=\"og:image:height\" content=\"412\" \/>\n\t<meta property=\"og:image:type\" content=\"image\/jpeg\" \/>\n<meta name=\"twitter:card\" content=\"summary_large_image\" \/>\n<meta name=\"twitter:label1\" content=\"Gesch\u00e4tzte Lesezeit\" \/>\n\t<meta name=\"twitter:data1\" content=\"1\u00a0Minute\" \/>\n<script type=\"application\/ld+json\" class=\"yoast-schema-graph\">{\"@context\":\"https:\\\/\\\/schema.org\",\"@graph\":[{\"@type\":\"WebPage\",\"@id\":\"https:\\\/\\\/www.slurink.nl\\\/de\\\/uber-slurink\\\/produktinformation\\\/gtl-fuel-marine\\\/\",\"url\":\"https:\\\/\\\/www.slurink.nl\\\/de\\\/uber-slurink\\\/produktinformation\\\/gtl-fuel-marine\\\/\",\"name\":\"GTL Fuel Marine - Slurink\",\"isPartOf\":{\"@id\":\"https:\\\/\\\/www.slurink.nl\\\/de\\\/#website\"},\"primaryImageOfPage\":{\"@id\":\"https:\\\/\\\/www.slurink.nl\\\/de\\\/uber-slurink\\\/produktinformation\\\/gtl-fuel-marine\\\/#primaryimage\"},\"image\":{\"@id\":\"https:\\\/\\\/www.slurink.nl\\\/de\\\/uber-slurink\\\/produktinformation\\\/gtl-fuel-marine\\\/#primaryimage\"},\"thumbnailUrl\":\"https:\\\/\\\/www.slurink.nl\\\/wp-content\\\/uploads\\\/oliekronkels-GTL-NL.jpg\",\"datePublished\":\"2017-01-24T12:59:01+00:00\",\"breadcrumb\":{\"@id\":\"https:\\\/\\\/www.slurink.nl\\\/de\\\/uber-slurink\\\/produktinformation\\\/gtl-fuel-marine\\\/#breadcrumb\"},\"inLanguage\":\"de\",\"potentialAction\":[{\"@type\":\"ReadAction\",\"target\":[\"https:\\\/\\\/www.slurink.nl\\\/de\\\/uber-slurink\\\/produktinformation\\\/gtl-fuel-marine\\\/\"]}]},{\"@type\":\"ImageObject\",\"inLanguage\":\"de\",\"@id\":\"https:\\\/\\\/www.slurink.nl\\\/de\\\/uber-slurink\\\/produktinformation\\\/gtl-fuel-marine\\\/#primaryimage\",\"url\":\"https:\\\/\\\/www.slurink.nl\\\/wp-content\\\/uploads\\\/oliekronkels-GTL-NL.jpg\",\"contentUrl\":\"https:\\\/\\\/www.slurink.nl\\\/wp-content\\\/uploads\\\/oliekronkels-GTL-NL.jpg\",\"width\":778,\"height\":412},{\"@type\":\"BreadcrumbList\",\"@id\":\"https:\\\/\\\/www.slurink.nl\\\/de\\\/uber-slurink\\\/produktinformation\\\/gtl-fuel-marine\\\/#breadcrumb\",\"itemListElement\":[{\"@type\":\"ListItem\",\"position\":1,\"name\":\"Home\",\"item\":\"https:\\\/\\\/www.slurink.nl\\\/de\\\/\"},{\"@type\":\"ListItem\",\"position\":2,\"name\":\"\u00dcber Slurink\",\"item\":\"https:\\\/\\\/www.slurink.nl\\\/de\\\/uber-slurink\\\/\"},{\"@type\":\"ListItem\",\"position\":3,\"name\":\"Produktinformation\",\"item\":\"https:\\\/\\\/www.slurink.nl\\\/de\\\/uber-slurink\\\/produktinformation\\\/\"},{\"@type\":\"ListItem\",\"position\":4,\"name\":\"GTL Fuel Marine\"}]},{\"@type\":\"WebSite\",\"@id\":\"https:\\\/\\\/www.slurink.nl\\\/de\\\/#website\",\"url\":\"https:\\\/\\\/www.slurink.nl\\\/de\\\/\",\"name\":\"Slurink\",\"description\":\"Bunkerpunten in Dordrecht, Amsterdam, Lobith, Zaltbommel, Hansweert en Vlissingen\",\"potentialAction\":[{\"@type\":\"SearchAction\",\"target\":{\"@type\":\"EntryPoint\",\"urlTemplate\":\"https:\\\/\\\/www.slurink.nl\\\/de\\\/?s={search_term_string}\"},\"query-input\":{\"@type\":\"PropertyValueSpecification\",\"valueRequired\":true,\"valueName\":\"search_term_string\"}}],\"inLanguage\":\"de\"}]}<\/script>\n<!-- \/ Yoast SEO plugin. -->","yoast_head_json":{"title":"GTL Fuel Marine - Slurink","robots":{"index":"index","follow":"follow","max-snippet":"max-snippet:-1","max-image-preview":"max-image-preview:large","max-video-preview":"max-video-preview:-1"},"canonical":"https:\/\/www.slurink.nl\/de\/uber-slurink\/produktinformation\/gtl-fuel-marine\/","og_locale":"de_DE","og_type":"article","og_title":"GTL Fuel Marine - Slurink","og_description":"Was ist Shell GTL Fuel? &nbsp; \u201eGTL\u201c ist die Abku\u0308rzung...","og_url":"https:\/\/www.slurink.nl\/de\/uber-slurink\/produktinformation\/gtl-fuel-marine\/","og_site_name":"Slurink","og_image":[{"width":778,"height":412,"url":"https:\/\/www.slurink.nl\/wp-content\/uploads\/oliekronkels-GTL-NL.jpg","type":"image\/jpeg"}],"twitter_card":"summary_large_image","twitter_misc":{"Gesch\u00e4tzte Lesezeit":"1\u00a0Minute"},"schema":{"@context":"https:\/\/schema.org","@graph":[{"@type":"WebPage","@id":"https:\/\/www.slurink.nl\/de\/uber-slurink\/produktinformation\/gtl-fuel-marine\/","url":"https:\/\/www.slurink.nl\/de\/uber-slurink\/produktinformation\/gtl-fuel-marine\/","name":"GTL Fuel Marine - Slurink","isPartOf":{"@id":"https:\/\/www.slurink.nl\/de\/#website"},"primaryImageOfPage":{"@id":"https:\/\/www.slurink.nl\/de\/uber-slurink\/produktinformation\/gtl-fuel-marine\/#primaryimage"},"image":{"@id":"https:\/\/www.slurink.nl\/de\/uber-slurink\/produktinformation\/gtl-fuel-marine\/#primaryimage"},"thumbnailUrl":"https:\/\/www.slurink.nl\/wp-content\/uploads\/oliekronkels-GTL-NL.jpg","datePublished":"2017-01-24T12:59:01+00:00","breadcrumb":{"@id":"https:\/\/www.slurink.nl\/de\/uber-slurink\/produktinformation\/gtl-fuel-marine\/#breadcrumb"},"inLanguage":"de","potentialAction":[{"@type":"ReadAction","target":["https:\/\/www.slurink.nl\/de\/uber-slurink\/produktinformation\/gtl-fuel-marine\/"]}]},{"@type":"ImageObject","inLanguage":"de","@id":"https:\/\/www.slurink.nl\/de\/uber-slurink\/produktinformation\/gtl-fuel-marine\/#primaryimage","url":"https:\/\/www.slurink.nl\/wp-content\/uploads\/oliekronkels-GTL-NL.jpg","contentUrl":"https:\/\/www.slurink.nl\/wp-content\/uploads\/oliekronkels-GTL-NL.jpg","width":778,"height":412},{"@type":"BreadcrumbList","@id":"https:\/\/www.slurink.nl\/de\/uber-slurink\/produktinformation\/gtl-fuel-marine\/#breadcrumb","itemListElement":[{"@type":"ListItem","position":1,"name":"Home","item":"https:\/\/www.slurink.nl\/de\/"},{"@type":"ListItem","position":2,"name":"\u00dcber Slurink","item":"https:\/\/www.slurink.nl\/de\/uber-slurink\/"},{"@type":"ListItem","position":3,"name":"Produktinformation","item":"https:\/\/www.slurink.nl\/de\/uber-slurink\/produktinformation\/"},{"@type":"ListItem","position":4,"name":"GTL Fuel Marine"}]},{"@type":"WebSite","@id":"https:\/\/www.slurink.nl\/de\/#website","url":"https:\/\/www.slurink.nl\/de\/","name":"Slurink","description":"Bunkerpunten in Dordrecht, Amsterdam, Lobith, Zaltbommel, Hansweert en Vlissingen","potentialAction":[{"@type":"SearchAction","target":{"@type":"EntryPoint","urlTemplate":"https:\/\/www.slurink.nl\/de\/?s={search_term_string}"},"query-input":{"@type":"PropertyValueSpecification","valueRequired":true,"valueName":"search_term_string"}}],"inLanguage":"de"}]}},"_links":{"self":[{"href":"https:\/\/www.slurink.nl\/de\/wp-json\/wp\/v2\/pages\/906","targetHints":{"allow":["GET"]}}],"collection":[{"href":"https:\/\/www.slurink.nl\/de\/wp-json\/wp\/v2\/pages"}],"about":[{"href":"https:\/\/www.slurink.nl\/de\/wp-json\/wp\/v2\/types\/page"}],"author":[{"embeddable":true,"href":"https:\/\/www.slurink.nl\/de\/wp-json\/wp\/v2\/users\/3"}],"replies":[{"embeddable":true,"href":"https:\/\/www.slurink.nl\/de\/wp-json\/wp\/v2\/comments?post=906"}],"version-history":[{"count":2,"href":"https:\/\/www.slurink.nl\/de\/wp-json\/wp\/v2\/pages\/906\/revisions"}],"predecessor-version":[{"id":908,"href":"https:\/\/www.slurink.nl\/de\/wp-json\/wp\/v2\/pages\/906\/revisions\/908"}],"up":[{"embeddable":true,"href":"https:\/\/www.slurink.nl\/de\/wp-json\/wp\/v2\/pages\/624"}],"wp:featuredmedia":[{"embeddable":true,"href":"https:\/\/www.slurink.nl\/de\/wp-json\/wp\/v2\/media\/902"}],"wp:attachment":[{"href":"https:\/\/www.slurink.nl\/de\/wp-json\/wp\/v2\/media?parent=906"}],"curies":[{"name":"wp","href":"https:\/\/api.w.org\/{rel}","templated":true}]}}