{"id":670,"date":"2015-05-13T11:15:42","date_gmt":"2015-05-13T10:15:42","guid":{"rendered":"https:\/\/slurink.nl\/?page_id=670"},"modified":"2015-05-13T11:18:40","modified_gmt":"2015-05-13T10:18:40","slug":"einkaufe","status":"publish","type":"page","link":"https:\/\/www.slurink.nl\/de\/uber-slurink\/einkaufe\/","title":{"rendered":"Eink\u00e4ufe"},"content":{"rendered":"<p>Ihre Eink\u00e4ufe gek\u00fchlt aufbewahren? In Dordrecht &#038; Lobith haben wie dazu die M\u00f6glichkeiten. In Dordrecht finden Sie die Superm\u00e4rkte Jumbo und Aldi in der direkten Umgebung (300 Meter). Auch ist es m\u00f6glich, Ihre Eink\u00e4ufe bei uns in der K\u00fchlung unterzubringen. In Lobith haben wir den Supermarkt Attent in unserer Bunkerstation. Geben Sie Ihre Bestellung durch und die Eink\u00e4ufe werden w\u00e4hrend des Bunkerns bei Ihnen an Bord gebracht.<\/p>\n<div class='content-column one_half'><h2>Dordrecht<\/h2>\n<p>Einkaufsservice durch  Plus Supermarkt \u2018Doesburg\u2019 in Dordrecht 078 \u2013 631 33 16 oder <a href=\"mailto:doesburg@plussupermarkt.nl\">doesburg@plussupermarkt.nl<\/a><\/p><\/div><div class='content-column one_half last_column'><h2>Zaltbommel<\/h2>\n<p>Einkaufsservice durch Konmar Supermarkt 0418-579660 oder Fax: 0418-570665<\/p><\/div><div class='clear_column'><\/div><\/p>\n<h2>Lobith<\/h2>\n<p>Attent supermarkt an Bord von Steg 0316-541385 oder Fax: 0316-542559.<br \/>\nLaden Sie hier die <a href=\"https:\/\/slurink.nl\/wp-content\/uploads\/Boodschappenlijst-05-02-2015.xls\">Bestellliste<\/a> herunter und mailen Sie diese an gerritzen@despar.info. Auch k\u00f6nnen Sie die <a href=\"https:\/\/slurink.nl\/wp-content\/uploads\/Attent-Gerritzen.pdf\">Brosch\u00fce<\/a> von  Attent herunterladen.<\/p>\n<p><img loading=\"lazy\" decoding=\"async\" class=\"alignnone wp-image-210 size-full\" src=\"https:\/\/slurink.nl\/wp-content\/uploads\/IMG_3153-boodschappenservice1.jpg\" alt=\"IMG_3153-boodschappenservice\" width=\"698\" height=\"477\" srcset=\"https:\/\/www.slurink.nl\/wp-content\/uploads\/IMG_3153-boodschappenservice1.jpg 698w, https:\/\/www.slurink.nl\/wp-content\/uploads\/IMG_3153-boodschappenservice1-300x205.jpg 300w\" sizes=\"auto, (max-width: 698px) 100vw, 698px\" \/><\/p>\n","protected":false},"excerpt":{"rendered":"<p>Ihre Eink\u00e4ufe gek\u00fchlt aufbewahren? In Dordrecht &#038; Lobith haben wie&#8230;<\/p>\n","protected":false},"author":3,"featured_media":1520,"parent":667,"menu_order":0,"comment_status":"closed","ping_status":"closed","template":"","meta":{"footnotes":""},"class_list":["post-670","page","type-page","status-publish","has-post-thumbnail","hentry"],"yoast_head":"<!-- This site is optimized with the Yoast SEO plugin v27.3 - https:\/\/yoast.com\/product\/yoast-seo-wordpress\/ -->\n<title>Eink\u00e4ufe - Slurink<\/title>\n<meta name=\"robots\" content=\"index, follow, max-snippet:-1, max-image-preview:large, max-video-preview:-1\" \/>\n<link rel=\"canonical\" href=\"https:\/\/www.slurink.nl\/de\/uber-slurink\/einkaufe\/\" \/>\n<meta property=\"og:locale\" content=\"de_DE\" \/>\n<meta property=\"og:type\" content=\"article\" \/>\n<meta property=\"og:title\" content=\"Eink\u00e4ufe - Slurink\" \/>\n<meta property=\"og:description\" content=\"Ihre Eink\u00e4ufe gek\u00fchlt aufbewahren? In Dordrecht &#038; Lobith haben wie...\" \/>\n<meta property=\"og:url\" content=\"https:\/\/www.slurink.nl\/de\/uber-slurink\/einkaufe\/\" \/>\n<meta property=\"og:site_name\" content=\"Slurink\" \/>\n<meta property=\"article:modified_time\" content=\"2015-05-13T10:18:40+00:00\" \/>\n<meta property=\"og:image\" content=\"https:\/\/www.slurink.nl\/wp-content\/uploads\/bootsuper862-kassa-scaled.jpg\" \/>\n\t<meta property=\"og:image:width\" content=\"2560\" \/>\n\t<meta property=\"og:image:height\" content=\"1440\" \/>\n\t<meta property=\"og:image:type\" content=\"image\/jpeg\" \/>\n<meta name=\"twitter:card\" content=\"summary_large_image\" \/>\n<meta name=\"twitter:label1\" content=\"Gesch\u00e4tzte Lesezeit\" \/>\n\t<meta name=\"twitter:data1\" content=\"1\u00a0Minute\" \/>\n<script type=\"application\/ld+json\" class=\"yoast-schema-graph\">{\"@context\":\"https:\\\/\\\/schema.org\",\"@graph\":[{\"@type\":\"WebPage\",\"@id\":\"https:\\\/\\\/www.slurink.nl\\\/de\\\/uber-slurink\\\/einkaufe\\\/\",\"url\":\"https:\\\/\\\/www.slurink.nl\\\/de\\\/uber-slurink\\\/einkaufe\\\/\",\"name\":\"Eink\u00e4ufe - Slurink\",\"isPartOf\":{\"@id\":\"https:\\\/\\\/www.slurink.nl\\\/de\\\/#website\"},\"primaryImageOfPage\":{\"@id\":\"https:\\\/\\\/www.slurink.nl\\\/de\\\/uber-slurink\\\/einkaufe\\\/#primaryimage\"},\"image\":{\"@id\":\"https:\\\/\\\/www.slurink.nl\\\/de\\\/uber-slurink\\\/einkaufe\\\/#primaryimage\"},\"thumbnailUrl\":\"https:\\\/\\\/www.slurink.nl\\\/wp-content\\\/uploads\\\/bootsuper862-kassa-scaled.jpg\",\"datePublished\":\"2015-05-13T10:15:42+00:00\",\"dateModified\":\"2015-05-13T10:18:40+00:00\",\"breadcrumb\":{\"@id\":\"https:\\\/\\\/www.slurink.nl\\\/de\\\/uber-slurink\\\/einkaufe\\\/#breadcrumb\"},\"inLanguage\":\"de\",\"potentialAction\":[{\"@type\":\"ReadAction\",\"target\":[\"https:\\\/\\\/www.slurink.nl\\\/de\\\/uber-slurink\\\/einkaufe\\\/\"]}]},{\"@type\":\"ImageObject\",\"inLanguage\":\"de\",\"@id\":\"https:\\\/\\\/www.slurink.nl\\\/de\\\/uber-slurink\\\/einkaufe\\\/#primaryimage\",\"url\":\"https:\\\/\\\/www.slurink.nl\\\/wp-content\\\/uploads\\\/bootsuper862-kassa-scaled.jpg\",\"contentUrl\":\"https:\\\/\\\/www.slurink.nl\\\/wp-content\\\/uploads\\\/bootsuper862-kassa-scaled.jpg\",\"width\":2560,\"height\":1440,\"caption\":\"bootsuper862\"},{\"@type\":\"BreadcrumbList\",\"@id\":\"https:\\\/\\\/www.slurink.nl\\\/de\\\/uber-slurink\\\/einkaufe\\\/#breadcrumb\",\"itemListElement\":[{\"@type\":\"ListItem\",\"position\":1,\"name\":\"Home\",\"item\":\"https:\\\/\\\/www.slurink.nl\\\/de\\\/\"},{\"@type\":\"ListItem\",\"position\":2,\"name\":\"\u00dcber Slurink\",\"item\":\"https:\\\/\\\/www.slurink.nl\\\/de\\\/uber-slurink\\\/\"},{\"@type\":\"ListItem\",\"position\":3,\"name\":\"Eink\u00e4ufe\"}]},{\"@type\":\"WebSite\",\"@id\":\"https:\\\/\\\/www.slurink.nl\\\/de\\\/#website\",\"url\":\"https:\\\/\\\/www.slurink.nl\\\/de\\\/\",\"name\":\"Slurink\",\"description\":\"Bunkerpunten in Dordrecht, Amsterdam, Lobith, Zaltbommel, Hansweert en Vlissingen\",\"potentialAction\":[{\"@type\":\"SearchAction\",\"target\":{\"@type\":\"EntryPoint\",\"urlTemplate\":\"https:\\\/\\\/www.slurink.nl\\\/de\\\/?s={search_term_string}\"},\"query-input\":{\"@type\":\"PropertyValueSpecification\",\"valueRequired\":true,\"valueName\":\"search_term_string\"}}],\"inLanguage\":\"de\"}]}<\/script>\n<!-- \/ Yoast SEO plugin. -->","yoast_head_json":{"title":"Eink\u00e4ufe - Slurink","robots":{"index":"index","follow":"follow","max-snippet":"max-snippet:-1","max-image-preview":"max-image-preview:large","max-video-preview":"max-video-preview:-1"},"canonical":"https:\/\/www.slurink.nl\/de\/uber-slurink\/einkaufe\/","og_locale":"de_DE","og_type":"article","og_title":"Eink\u00e4ufe - Slurink","og_description":"Ihre Eink\u00e4ufe gek\u00fchlt aufbewahren? In Dordrecht &#038; Lobith haben wie...","og_url":"https:\/\/www.slurink.nl\/de\/uber-slurink\/einkaufe\/","og_site_name":"Slurink","article_modified_time":"2015-05-13T10:18:40+00:00","og_image":[{"width":2560,"height":1440,"url":"https:\/\/www.slurink.nl\/wp-content\/uploads\/bootsuper862-kassa-scaled.jpg","type":"image\/jpeg"}],"twitter_card":"summary_large_image","twitter_misc":{"Gesch\u00e4tzte Lesezeit":"1\u00a0Minute"},"schema":{"@context":"https:\/\/schema.org","@graph":[{"@type":"WebPage","@id":"https:\/\/www.slurink.nl\/de\/uber-slurink\/einkaufe\/","url":"https:\/\/www.slurink.nl\/de\/uber-slurink\/einkaufe\/","name":"Eink\u00e4ufe - Slurink","isPartOf":{"@id":"https:\/\/www.slurink.nl\/de\/#website"},"primaryImageOfPage":{"@id":"https:\/\/www.slurink.nl\/de\/uber-slurink\/einkaufe\/#primaryimage"},"image":{"@id":"https:\/\/www.slurink.nl\/de\/uber-slurink\/einkaufe\/#primaryimage"},"thumbnailUrl":"https:\/\/www.slurink.nl\/wp-content\/uploads\/bootsuper862-kassa-scaled.jpg","datePublished":"2015-05-13T10:15:42+00:00","dateModified":"2015-05-13T10:18:40+00:00","breadcrumb":{"@id":"https:\/\/www.slurink.nl\/de\/uber-slurink\/einkaufe\/#breadcrumb"},"inLanguage":"de","potentialAction":[{"@type":"ReadAction","target":["https:\/\/www.slurink.nl\/de\/uber-slurink\/einkaufe\/"]}]},{"@type":"ImageObject","inLanguage":"de","@id":"https:\/\/www.slurink.nl\/de\/uber-slurink\/einkaufe\/#primaryimage","url":"https:\/\/www.slurink.nl\/wp-content\/uploads\/bootsuper862-kassa-scaled.jpg","contentUrl":"https:\/\/www.slurink.nl\/wp-content\/uploads\/bootsuper862-kassa-scaled.jpg","width":2560,"height":1440,"caption":"bootsuper862"},{"@type":"BreadcrumbList","@id":"https:\/\/www.slurink.nl\/de\/uber-slurink\/einkaufe\/#breadcrumb","itemListElement":[{"@type":"ListItem","position":1,"name":"Home","item":"https:\/\/www.slurink.nl\/de\/"},{"@type":"ListItem","position":2,"name":"\u00dcber Slurink","item":"https:\/\/www.slurink.nl\/de\/uber-slurink\/"},{"@type":"ListItem","position":3,"name":"Eink\u00e4ufe"}]},{"@type":"WebSite","@id":"https:\/\/www.slurink.nl\/de\/#website","url":"https:\/\/www.slurink.nl\/de\/","name":"Slurink","description":"Bunkerpunten in Dordrecht, Amsterdam, Lobith, Zaltbommel, Hansweert en Vlissingen","potentialAction":[{"@type":"SearchAction","target":{"@type":"EntryPoint","urlTemplate":"https:\/\/www.slurink.nl\/de\/?s={search_term_string}"},"query-input":{"@type":"PropertyValueSpecification","valueRequired":true,"valueName":"search_term_string"}}],"inLanguage":"de"}]}},"_links":{"self":[{"href":"https:\/\/www.slurink.nl\/de\/wp-json\/wp\/v2\/pages\/670","targetHints":{"allow":["GET"]}}],"collection":[{"href":"https:\/\/www.slurink.nl\/de\/wp-json\/wp\/v2\/pages"}],"about":[{"href":"https:\/\/www.slurink.nl\/de\/wp-json\/wp\/v2\/types\/page"}],"author":[{"embeddable":true,"href":"https:\/\/www.slurink.nl\/de\/wp-json\/wp\/v2\/users\/3"}],"replies":[{"embeddable":true,"href":"https:\/\/www.slurink.nl\/de\/wp-json\/wp\/v2\/comments?post=670"}],"version-history":[{"count":3,"href":"https:\/\/www.slurink.nl\/de\/wp-json\/wp\/v2\/pages\/670\/revisions"}],"predecessor-version":[{"id":673,"href":"https:\/\/www.slurink.nl\/de\/wp-json\/wp\/v2\/pages\/670\/revisions\/673"}],"up":[{"embeddable":true,"href":"https:\/\/www.slurink.nl\/de\/wp-json\/wp\/v2\/pages\/667"}],"wp:featuredmedia":[{"embeddable":true,"href":"https:\/\/www.slurink.nl\/de\/wp-json\/wp\/v2\/media\/1520"}],"wp:attachment":[{"href":"https:\/\/www.slurink.nl\/de\/wp-json\/wp\/v2\/media?parent=670"}],"curies":[{"name":"wp","href":"https:\/\/api.w.org\/{rel}","templated":true}]}}