{"id":665,"date":"2015-05-13T11:12:32","date_gmt":"2015-05-13T10:12:32","guid":{"rendered":"https:\/\/slurink.nl\/?page_id=665"},"modified":"2015-05-13T11:13:36","modified_gmt":"2015-05-13T10:13:36","slug":"breites-warenangebot","status":"publish","type":"page","link":"https:\/\/www.slurink.nl\/de\/uber-slurink\/breites-warenangebot\/","title":{"rendered":"Breites Warenangebot"},"content":{"rendered":"<p>Unsere Bunkerpunkte haben ein breites und diverses Angebot an Schiffsartikeln. Mit unserem breiten Angebot k\u00f6nnen wir Sie perfekt mit Ihren gesamten W\u00fcnschen an Bord versehen. Von Luftnippeln bis Overall, von Kontrolllampen bis Schiffsraumleiter. Alles auf Lager. Wenn es etwas in unserem Angebot fehlen sollte, nehmen wir dies nachtr\u00e4glich in Vorrat und steht f\u00fcr Ihre n\u00e4chste Reise bereit.<\/p>\n<p>Unser sachverst\u00e4ndiges Personal kann Sie richtig \u00fcber unsere Angebot und Produkte informieren und der Kaffee steht immer f\u00fcr Sie bereit.<br \/>\nUnd bequemer geht es nicht, Sie  erhalten Ihre Materialien 24 Stunden pro Tag, l\u00e4ngsseits oder mit dem Bunkerboot an Bord. Sie brauchen keine Farbb\u00fcchsen und Fender in Ihr Auto zu laden.<br \/>\nAuch k\u00f6nnen wir zusammen mit Ihnen eine auf Ihre W\u00fcnsche abgestimmte Bestelllichte zusammenstellen. So wissen Sie und Ihr Personal, was bestellt werden kann en bestellt werden darf. Das ist selbstverst\u00e4ndlich bequem, um die Kosten zu \u00fcberpr\u00fcfen. <\/p>\n<p>F\u00fcr weitere Ausk\u00fcnfte k\u00f6nnen Sie uns eine E-Mail schicken an  info@slurink.nl oder Sie nehmen mit Ihrer Bunkerstation Kontakt auf.<\/p>\n<div class='content-column one_half'><h3>Wei\u00dfwaren<\/h3>\n<p><a href=\"https:\/\/slurink.nl\/wp-content\/uploads\/winkel-dordt-incl-wasmachine.jpg\"><img loading=\"lazy\" decoding=\"async\" class=\"alignnone wp-image-265 size-full\" src=\"https:\/\/slurink.nl\/wp-content\/uploads\/winkel-dordt-incl-wasmachine.jpg\" alt=\"winkel dordt incl wasmachine\" width=\"800\" height=\"600\" srcset=\"https:\/\/www.slurink.nl\/wp-content\/uploads\/winkel-dordt-incl-wasmachine.jpg 800w, https:\/\/www.slurink.nl\/wp-content\/uploads\/winkel-dordt-incl-wasmachine-300x225.jpg 300w\" sizes=\"auto, (max-width: 800px) 100vw, 800px\" \/><\/a><\/p>\n<p>Wir sind Dealer von Siemens Wei\u00dfwaren, so dass wir zu hervorragenden Preisen neue Waschmaschinen , W\u00e4schetrockner usw., liefern k\u00f6nnen. Selbstverst\u00e4ndlich k\u00f6nnen Sie diese Produkte l\u00e4ngsseits der Bunkerstation mitnehmen. Wir helfen Ihnen nat\u00fcrlich gern dabei.<\/p><\/div><div class='content-column one_half last_column'><h3>Filters<\/h3>\n<p><img loading=\"lazy\" decoding=\"async\" class=\"alignnone wp-image-184 size-full\" src=\"https:\/\/slurink.nl\/wp-content\/uploads\/13-10-2014-16.jpg\" alt=\"13-10-2014 (16)\" width=\"800\" height=\"600\" srcset=\"https:\/\/www.slurink.nl\/wp-content\/uploads\/13-10-2014-16.jpg 800w, https:\/\/www.slurink.nl\/wp-content\/uploads\/13-10-2014-16-300x225.jpg 300w\" sizes=\"auto, (max-width: 800px) 100vw, 800px\" \/><\/p>\n<p>In unserem Warenangebot finden Sie Filter von Fleetguard und Catterpillar.<\/p><\/div><div class='clear_column'><\/div><\/p>\n<div class='content-column one_half'><h3>Farben &#038; Lackfarben<\/h3>\n<p><a href=\"https:\/\/slurink.nl\/wp-content\/uploads\/13-10-2014-12.jpg\"><img loading=\"lazy\" decoding=\"async\" class=\"alignnone size-full wp-image-181\" src=\"https:\/\/slurink.nl\/wp-content\/uploads\/13-10-2014-12.jpg\" alt=\"13-10-2014 (12)\" width=\"800\" height=\"600\" srcset=\"https:\/\/www.slurink.nl\/wp-content\/uploads\/13-10-2014-12.jpg 800w, https:\/\/www.slurink.nl\/wp-content\/uploads\/13-10-2014-12-300x225.jpg 300w\" sizes=\"auto, (max-width: 800px) 100vw, 800px\" \/><\/a><\/p>\n<p>Sief inden bei uns ein sehr breites Angebot an  Epifanes-, Levi\u2019s-, Nelf- und Sigmaprodukten und den dazu geh\u00f6renden Verd\u00fcnnern.<\/p><\/div><div class='content-column one_half last_column'><h3>Hitachi<\/h3>\n<p><a href=\"https:\/\/slurink.nl\/wp-content\/uploads\/winkel-dordrecht-rob-2.jpg\"><img loading=\"lazy\" decoding=\"async\" class=\"alignnone size-full wp-image-238\" src=\"https:\/\/slurink.nl\/wp-content\/uploads\/winkel-dordrecht-rob-2.jpg\" alt=\"winkel-dordrecht-rob-2\" width=\"960\" height=\"720\" srcset=\"https:\/\/www.slurink.nl\/wp-content\/uploads\/winkel-dordrecht-rob-2.jpg 960w, https:\/\/www.slurink.nl\/wp-content\/uploads\/winkel-dordrecht-rob-2-300x225.jpg 300w\" sizes=\"auto, (max-width: 960px) 100vw, 960px\" \/><\/a><\/p>\n<p>Wir sind Dealer von Qualit\u00e4tsprodukten von  Hitachi.<\/p><\/div><div class='clear_column'><\/div><\/p>\n<div class='content-column one_half'><h3>Pinsel<\/h3>\n<p><a href=\"https:\/\/slurink.nl\/wp-content\/uploads\/kwasten-slurink1.jpg\"><img loading=\"lazy\" decoding=\"async\" class=\"alignnone size-full wp-image-284\" src=\"https:\/\/slurink.nl\/wp-content\/uploads\/kwasten-slurink1.jpg\" alt=\"kwasten-slurink\" width=\"800\" height=\"600\" srcset=\"https:\/\/www.slurink.nl\/wp-content\/uploads\/kwasten-slurink1.jpg 800w, https:\/\/www.slurink.nl\/wp-content\/uploads\/kwasten-slurink1-300x225.jpg 300w\" sizes=\"auto, (max-width: 800px) 100vw, 800px\" \/><\/a><\/p>\n<p>A-Qualit\u00e4tspinsel und Farbroller von Goudhaantje.<\/p><\/div><div class='content-column one_half last_column'><h3>Reinigungsmittel<\/h3>\n<p><a href=\"https:\/\/slurink.nl\/wp-content\/uploads\/13-10-2014-171.jpg\"><img loading=\"lazy\" decoding=\"async\" class=\"alignnone size-full wp-image-185\" src=\"https:\/\/slurink.nl\/wp-content\/uploads\/13-10-2014-171.jpg\" alt=\"13-10-2014 (17)\" width=\"800\" height=\"600\" srcset=\"https:\/\/www.slurink.nl\/wp-content\/uploads\/13-10-2014-171.jpg 800w, https:\/\/www.slurink.nl\/wp-content\/uploads\/13-10-2014-171-300x225.jpg 300w\" sizes=\"auto, (max-width: 800px) 100vw, 800px\" \/><\/a><\/p>\n<p>Verschiedene Seifenmittel von  Americol bis Dreft. Alles um Ihr Schiff sch\u00f6n sauber zu halten!<\/p><\/div><div class='clear_column'><\/div><\/p>\n<div class='content-column one_half'><h3>Sachverst\u00e4ndiges Personal<\/h3>\n<p><a href=\"https:\/\/slurink.nl\/wp-content\/uploads\/IMG_2535-1.jpg\"><img loading=\"lazy\" decoding=\"async\" class=\"alignnone size-full wp-image-302\" src=\"https:\/\/slurink.nl\/wp-content\/uploads\/IMG_2535-1.jpg\" alt=\"IMG_2535 (1)\" width=\"800\" height=\"600\" srcset=\"https:\/\/www.slurink.nl\/wp-content\/uploads\/IMG_2535-1.jpg 800w, https:\/\/www.slurink.nl\/wp-content\/uploads\/IMG_2535-1-300x225.jpg 300w\" sizes=\"auto, (max-width: 800px) 100vw, 800px\" \/><\/a><\/p><\/div><div class='content-column one_half last_column'><h3>Eigene Warenpr\u00fcfer<\/h3>\n<p><a href=\"https:\/\/slurink.nl\/wp-content\/uploads\/IMG_2542.jpg\"><img loading=\"lazy\" decoding=\"async\" class=\"alignnone size-full wp-image-300\" src=\"https:\/\/slurink.nl\/wp-content\/uploads\/IMG_2542.jpg\" alt=\"IMG_2542\" width=\"800\" height=\"600\" srcset=\"https:\/\/www.slurink.nl\/wp-content\/uploads\/IMG_2542.jpg 800w, https:\/\/www.slurink.nl\/wp-content\/uploads\/IMG_2542-300x225.jpg 300w\" sizes=\"auto, (max-width: 800px) 100vw, 800px\" \/><\/a><\/p><\/div><div class='clear_column'><\/div><\/p>\n<div class='content-column one_half'><h3>Steuersitze<\/h3>\n<p><a href=\"https:\/\/slurink.nl\/wp-content\/uploads\/winkel-dordrecht-rob.jpg\"><img loading=\"lazy\" decoding=\"async\" class=\"alignnone size-full wp-image-239\" src=\"https:\/\/slurink.nl\/wp-content\/uploads\/winkel-dordrecht-rob.jpg\" alt=\"winkel-dordrecht-rob\" width=\"960\" height=\"720\" srcset=\"https:\/\/www.slurink.nl\/wp-content\/uploads\/winkel-dordrecht-rob.jpg 960w, https:\/\/www.slurink.nl\/wp-content\/uploads\/winkel-dordrecht-rob-300x225.jpg 300w\" sizes=\"auto, (max-width: 960px) 100vw, 960px\" \/><\/a><\/p>\n<p>Breites Angebot an Steuersitzen zu sehr scharfen Preisen!<\/p><\/div>\n<p>Kommen Sie bald bei einem unserer L\u00e4den vorbei und informieren Sie nach den M\u00f6glichkeiten. Beachten Sie auch unsere laufende Aktionen!<\/p>\n","protected":false},"excerpt":{"rendered":"<p>Unsere Bunkerpunkte haben ein breites und diverses Angebot an Schiffsartikeln&#8230;.<\/p>\n","protected":false},"author":3,"featured_media":1059,"parent":667,"menu_order":0,"comment_status":"closed","ping_status":"closed","template":"","meta":{"footnotes":""},"class_list":["post-665","page","type-page","status-publish","has-post-thumbnail","hentry"],"yoast_head":"<!-- This site is optimized with the Yoast SEO plugin v27.4 - https:\/\/yoast.com\/product\/yoast-seo-wordpress\/ -->\n<title>Breites Warenangebot - Slurink<\/title>\n<meta name=\"robots\" content=\"index, follow, max-snippet:-1, max-image-preview:large, max-video-preview:-1\" \/>\n<link rel=\"canonical\" href=\"https:\/\/www.slurink.nl\/de\/uber-slurink\/breites-warenangebot\/\" \/>\n<meta property=\"og:locale\" content=\"de_DE\" \/>\n<meta property=\"og:type\" content=\"article\" \/>\n<meta property=\"og:title\" content=\"Breites Warenangebot - Slurink\" \/>\n<meta property=\"og:description\" content=\"Unsere Bunkerpunkte haben ein breites und diverses Angebot an Schiffsartikeln....\" \/>\n<meta property=\"og:url\" content=\"https:\/\/www.slurink.nl\/de\/uber-slurink\/breites-warenangebot\/\" \/>\n<meta property=\"og:site_name\" content=\"Slurink\" \/>\n<meta property=\"article:modified_time\" content=\"2015-05-13T10:13:36+00:00\" \/>\n<meta property=\"og:image\" content=\"https:\/\/www.slurink.nl\/wp-content\/uploads\/panorama-lobith-web.jpg\" \/>\n\t<meta property=\"og:image:width\" content=\"1900\" \/>\n\t<meta property=\"og:image:height\" content=\"556\" \/>\n\t<meta property=\"og:image:type\" content=\"image\/jpeg\" \/>\n<meta name=\"twitter:card\" content=\"summary_large_image\" \/>\n<meta name=\"twitter:label1\" content=\"Gesch\u00e4tzte Lesezeit\" \/>\n\t<meta name=\"twitter:data1\" content=\"2\u00a0Minuten\" \/>\n<script type=\"application\/ld+json\" class=\"yoast-schema-graph\">{\"@context\":\"https:\\\/\\\/schema.org\",\"@graph\":[{\"@type\":\"WebPage\",\"@id\":\"https:\\\/\\\/www.slurink.nl\\\/de\\\/uber-slurink\\\/breites-warenangebot\\\/\",\"url\":\"https:\\\/\\\/www.slurink.nl\\\/de\\\/uber-slurink\\\/breites-warenangebot\\\/\",\"name\":\"Breites Warenangebot - Slurink\",\"isPartOf\":{\"@id\":\"https:\\\/\\\/www.slurink.nl\\\/de\\\/#website\"},\"primaryImageOfPage\":{\"@id\":\"https:\\\/\\\/www.slurink.nl\\\/de\\\/uber-slurink\\\/breites-warenangebot\\\/#primaryimage\"},\"image\":{\"@id\":\"https:\\\/\\\/www.slurink.nl\\\/de\\\/uber-slurink\\\/breites-warenangebot\\\/#primaryimage\"},\"thumbnailUrl\":\"https:\\\/\\\/www.slurink.nl\\\/wp-content\\\/uploads\\\/panorama-lobith-web.jpg\",\"datePublished\":\"2015-05-13T10:12:32+00:00\",\"dateModified\":\"2015-05-13T10:13:36+00:00\",\"breadcrumb\":{\"@id\":\"https:\\\/\\\/www.slurink.nl\\\/de\\\/uber-slurink\\\/breites-warenangebot\\\/#breadcrumb\"},\"inLanguage\":\"de\",\"potentialAction\":[{\"@type\":\"ReadAction\",\"target\":[\"https:\\\/\\\/www.slurink.nl\\\/de\\\/uber-slurink\\\/breites-warenangebot\\\/\"]}]},{\"@type\":\"ImageObject\",\"inLanguage\":\"de\",\"@id\":\"https:\\\/\\\/www.slurink.nl\\\/de\\\/uber-slurink\\\/breites-warenangebot\\\/#primaryimage\",\"url\":\"https:\\\/\\\/www.slurink.nl\\\/wp-content\\\/uploads\\\/panorama-lobith-web.jpg\",\"contentUrl\":\"https:\\\/\\\/www.slurink.nl\\\/wp-content\\\/uploads\\\/panorama-lobith-web.jpg\",\"width\":1900,\"height\":556},{\"@type\":\"BreadcrumbList\",\"@id\":\"https:\\\/\\\/www.slurink.nl\\\/de\\\/uber-slurink\\\/breites-warenangebot\\\/#breadcrumb\",\"itemListElement\":[{\"@type\":\"ListItem\",\"position\":1,\"name\":\"Home\",\"item\":\"https:\\\/\\\/www.slurink.nl\\\/de\\\/\"},{\"@type\":\"ListItem\",\"position\":2,\"name\":\"\u00dcber Slurink\",\"item\":\"https:\\\/\\\/www.slurink.nl\\\/de\\\/uber-slurink\\\/\"},{\"@type\":\"ListItem\",\"position\":3,\"name\":\"Breites Warenangebot\"}]},{\"@type\":\"WebSite\",\"@id\":\"https:\\\/\\\/www.slurink.nl\\\/de\\\/#website\",\"url\":\"https:\\\/\\\/www.slurink.nl\\\/de\\\/\",\"name\":\"Slurink\",\"description\":\"Bunkerpunten in Dordrecht, Amsterdam, Lobith, Zaltbommel, Hansweert en Vlissingen\",\"potentialAction\":[{\"@type\":\"SearchAction\",\"target\":{\"@type\":\"EntryPoint\",\"urlTemplate\":\"https:\\\/\\\/www.slurink.nl\\\/de\\\/?s={search_term_string}\"},\"query-input\":{\"@type\":\"PropertyValueSpecification\",\"valueRequired\":true,\"valueName\":\"search_term_string\"}}],\"inLanguage\":\"de\"}]}<\/script>\n<!-- \/ Yoast SEO plugin. -->","yoast_head_json":{"title":"Breites Warenangebot - Slurink","robots":{"index":"index","follow":"follow","max-snippet":"max-snippet:-1","max-image-preview":"max-image-preview:large","max-video-preview":"max-video-preview:-1"},"canonical":"https:\/\/www.slurink.nl\/de\/uber-slurink\/breites-warenangebot\/","og_locale":"de_DE","og_type":"article","og_title":"Breites Warenangebot - Slurink","og_description":"Unsere Bunkerpunkte haben ein breites und diverses Angebot an Schiffsartikeln....","og_url":"https:\/\/www.slurink.nl\/de\/uber-slurink\/breites-warenangebot\/","og_site_name":"Slurink","article_modified_time":"2015-05-13T10:13:36+00:00","og_image":[{"width":1900,"height":556,"url":"https:\/\/www.slurink.nl\/wp-content\/uploads\/panorama-lobith-web.jpg","type":"image\/jpeg"}],"twitter_card":"summary_large_image","twitter_misc":{"Gesch\u00e4tzte Lesezeit":"2\u00a0Minuten"},"schema":{"@context":"https:\/\/schema.org","@graph":[{"@type":"WebPage","@id":"https:\/\/www.slurink.nl\/de\/uber-slurink\/breites-warenangebot\/","url":"https:\/\/www.slurink.nl\/de\/uber-slurink\/breites-warenangebot\/","name":"Breites Warenangebot - Slurink","isPartOf":{"@id":"https:\/\/www.slurink.nl\/de\/#website"},"primaryImageOfPage":{"@id":"https:\/\/www.slurink.nl\/de\/uber-slurink\/breites-warenangebot\/#primaryimage"},"image":{"@id":"https:\/\/www.slurink.nl\/de\/uber-slurink\/breites-warenangebot\/#primaryimage"},"thumbnailUrl":"https:\/\/www.slurink.nl\/wp-content\/uploads\/panorama-lobith-web.jpg","datePublished":"2015-05-13T10:12:32+00:00","dateModified":"2015-05-13T10:13:36+00:00","breadcrumb":{"@id":"https:\/\/www.slurink.nl\/de\/uber-slurink\/breites-warenangebot\/#breadcrumb"},"inLanguage":"de","potentialAction":[{"@type":"ReadAction","target":["https:\/\/www.slurink.nl\/de\/uber-slurink\/breites-warenangebot\/"]}]},{"@type":"ImageObject","inLanguage":"de","@id":"https:\/\/www.slurink.nl\/de\/uber-slurink\/breites-warenangebot\/#primaryimage","url":"https:\/\/www.slurink.nl\/wp-content\/uploads\/panorama-lobith-web.jpg","contentUrl":"https:\/\/www.slurink.nl\/wp-content\/uploads\/panorama-lobith-web.jpg","width":1900,"height":556},{"@type":"BreadcrumbList","@id":"https:\/\/www.slurink.nl\/de\/uber-slurink\/breites-warenangebot\/#breadcrumb","itemListElement":[{"@type":"ListItem","position":1,"name":"Home","item":"https:\/\/www.slurink.nl\/de\/"},{"@type":"ListItem","position":2,"name":"\u00dcber Slurink","item":"https:\/\/www.slurink.nl\/de\/uber-slurink\/"},{"@type":"ListItem","position":3,"name":"Breites Warenangebot"}]},{"@type":"WebSite","@id":"https:\/\/www.slurink.nl\/de\/#website","url":"https:\/\/www.slurink.nl\/de\/","name":"Slurink","description":"Bunkerpunten in Dordrecht, Amsterdam, Lobith, Zaltbommel, Hansweert en Vlissingen","potentialAction":[{"@type":"SearchAction","target":{"@type":"EntryPoint","urlTemplate":"https:\/\/www.slurink.nl\/de\/?s={search_term_string}"},"query-input":{"@type":"PropertyValueSpecification","valueRequired":true,"valueName":"search_term_string"}}],"inLanguage":"de"}]}},"_links":{"self":[{"href":"https:\/\/www.slurink.nl\/de\/wp-json\/wp\/v2\/pages\/665","targetHints":{"allow":["GET"]}}],"collection":[{"href":"https:\/\/www.slurink.nl\/de\/wp-json\/wp\/v2\/pages"}],"about":[{"href":"https:\/\/www.slurink.nl\/de\/wp-json\/wp\/v2\/types\/page"}],"author":[{"embeddable":true,"href":"https:\/\/www.slurink.nl\/de\/wp-json\/wp\/v2\/users\/3"}],"replies":[{"embeddable":true,"href":"https:\/\/www.slurink.nl\/de\/wp-json\/wp\/v2\/comments?post=665"}],"version-history":[{"count":1,"href":"https:\/\/www.slurink.nl\/de\/wp-json\/wp\/v2\/pages\/665\/revisions"}],"predecessor-version":[{"id":666,"href":"https:\/\/www.slurink.nl\/de\/wp-json\/wp\/v2\/pages\/665\/revisions\/666"}],"up":[{"embeddable":true,"href":"https:\/\/www.slurink.nl\/de\/wp-json\/wp\/v2\/pages\/667"}],"wp:featuredmedia":[{"embeddable":true,"href":"https:\/\/www.slurink.nl\/de\/wp-json\/wp\/v2\/media\/1059"}],"wp:attachment":[{"href":"https:\/\/www.slurink.nl\/de\/wp-json\/wp\/v2\/media?parent=665"}],"curies":[{"name":"wp","href":"https:\/\/api.w.org\/{rel}","templated":true}]}}