{"id":657,"date":"2015-05-13T10:52:14","date_gmt":"2015-05-13T09:52:14","guid":{"rendered":"https:\/\/slurink.nl\/?page_id=657"},"modified":"2018-11-06T16:59:50","modified_gmt":"2018-11-06T15:59:50","slug":"nebenboote","status":"publish","type":"page","link":"https:\/\/www.slurink.nl\/de\/nebenboote\/","title":{"rendered":"Nebenboote"},"content":{"rendered":"<p><div class='content-column two_third'>Der Wind 390 und Tinn Silver 450 C sind robuste Nebenboote aus Aluminium und haben die Vorteile des vertrauten st\u00e4hlernen Ruderbootes: robust und stark. Bei St\u00f6\u00dfen gegen die Schiffswand ist die Besch\u00e4digungschance gering und sollte doch mal ein Kratzer entstehen, dann ist der leicht weg zu schmirgeln. Die Vorteile von Aluminium sind nat\u00fcrlich das niedrige Eigengewicht des Materials, die Dauerhaftigkeit und die St\u00e4rke. In der blanken Ausf\u00fchrung ist das Boot sehr wartungsfreundlich. Der Wind 390 und Tinn Silver 450 C sind gebaut aus 4 mm dickem und seewasserbet\u00e4ndigem Aluminium. Sie sind vollst\u00e4ndig geschwei\u00dft. Durch einen doppelten Boden ist der Wind 450 selbstentw\u00e4sserend und hat er sogar mit Wasser gef\u00fcllt noch gen\u00fcgend Schwimmverm\u00f6gen.<\/p>\n<p>Das Boot wird in der Standardausstattung blank geliefert, wobei die Schwei\u00dfn\u00e4hte geschliffen en geschmirgelt worden sind. Auch enth\u00e4lt die Lieferung Ruderdollen, eine Trosse, ein \u00d6s Fass und nat\u00fcrlich das S.I. Zertifikat. Das Boot eignet sich in der Standardausstattung f\u00fcr Langschwanzaussenbordmotoren. Jedoch nach Absprache kann das Boot auch mit Kurzschwanzmotor geliefert werden.<\/p>\n<p>F\u00fcr Preisanfrage oder weitere Informationen mailen Sie an <a href=\"mailto:info@slurink.nl\">info@slurink.nl<\/a><\/p><\/div><div class='content-column one_third last_column'><p><a href=\"https:\/\/slurink.nl\/wp-content\/uploads\/bijboot-tinsilver3.jpg\"><img loading=\"lazy\" decoding=\"async\" class=\"alignnone wp-image-246 size-full\" src=\"https:\/\/slurink.nl\/wp-content\/uploads\/bijboot-tinsilver3.jpg\" alt=\"bijboot-tinsilver3\" width=\"960\" height=\"720\" srcset=\"https:\/\/www.slurink.nl\/wp-content\/uploads\/bijboot-tinsilver3.jpg 960w, https:\/\/www.slurink.nl\/wp-content\/uploads\/bijboot-tinsilver3-300x225.jpg 300w\" sizes=\"auto, (max-width: 960px) 100vw, 960px\" \/><\/a><\/p>\n<p><a href=\"https:\/\/slurink.nl\/wp-content\/uploads\/bijboot-tinsilver2.jpg\"><img loading=\"lazy\" decoding=\"async\" class=\"alignnone wp-image-245 size-full\" src=\"https:\/\/slurink.nl\/wp-content\/uploads\/bijboot-tinsilver2.jpg\" alt=\"bijboot-tinsilver2\" width=\"960\" height=\"720\" srcset=\"https:\/\/www.slurink.nl\/wp-content\/uploads\/bijboot-tinsilver2.jpg 960w, https:\/\/www.slurink.nl\/wp-content\/uploads\/bijboot-tinsilver2-300x225.jpg 300w\" sizes=\"auto, (max-width: 960px) 100vw, 960px\" \/><\/a><\/p>\n<p style=\"text-align: left;\"><\/div><div class='clear_column'><\/div><\/p>\n<p style=\"text-align: left;\"><a href=\"https:\/\/slurink.nl\/wp-content\/uploads\/steun.jpg\"><img loading=\"lazy\" decoding=\"async\" class=\"alignnone size-full wp-image-757\" src=\"https:\/\/slurink.nl\/wp-content\/uploads\/steun.jpg\" alt=\"steun\" width=\"900\" height=\"250\" srcset=\"https:\/\/www.slurink.nl\/wp-content\/uploads\/steun.jpg 900w, https:\/\/www.slurink.nl\/wp-content\/uploads\/steun-300x83.jpg 300w\" sizes=\"auto, (max-width: 900px) 100vw, 900px\" \/><\/a><\/p>\n","protected":false},"excerpt":{"rendered":"","protected":false},"author":3,"featured_media":0,"parent":0,"menu_order":0,"comment_status":"closed","ping_status":"closed","template":"tpl-bijboten.php","meta":{"footnotes":""},"class_list":["post-657","page","type-page","status-publish","hentry"],"yoast_head":"<!-- This site is optimized with the Yoast SEO plugin v27.5 - https:\/\/yoast.com\/product\/yoast-seo-wordpress\/ -->\n<title>Nebenboote - Slurink<\/title>\n<meta name=\"robots\" content=\"index, follow, max-snippet:-1, max-image-preview:large, max-video-preview:-1\" \/>\n<link rel=\"canonical\" href=\"https:\/\/www.slurink.nl\/de\/nebenboote\/\" \/>\n<meta property=\"og:locale\" content=\"de_DE\" \/>\n<meta property=\"og:type\" content=\"article\" \/>\n<meta property=\"og:title\" content=\"Nebenboote - Slurink\" \/>\n<meta property=\"og:url\" content=\"https:\/\/www.slurink.nl\/de\/nebenboote\/\" \/>\n<meta property=\"og:site_name\" content=\"Slurink\" \/>\n<meta property=\"article:modified_time\" content=\"2018-11-06T15:59:50+00:00\" \/>\n<meta property=\"og:image\" content=\"https:\/\/slurink.nl\/wp-content\/uploads\/bijboot-tinsilver3.jpg\" \/>\n<meta name=\"twitter:card\" content=\"summary_large_image\" \/>\n<meta name=\"twitter:label1\" content=\"Gesch\u00e4tzte Lesezeit\" \/>\n\t<meta name=\"twitter:data1\" content=\"1\u00a0Minute\" \/>\n<script type=\"application\/ld+json\" class=\"yoast-schema-graph\">{\"@context\":\"https:\\\/\\\/schema.org\",\"@graph\":[{\"@type\":\"WebPage\",\"@id\":\"https:\\\/\\\/www.slurink.nl\\\/de\\\/nebenboote\\\/\",\"url\":\"https:\\\/\\\/www.slurink.nl\\\/de\\\/nebenboote\\\/\",\"name\":\"Nebenboote - Slurink\",\"isPartOf\":{\"@id\":\"https:\\\/\\\/www.slurink.nl\\\/de\\\/#website\"},\"primaryImageOfPage\":{\"@id\":\"https:\\\/\\\/www.slurink.nl\\\/de\\\/nebenboote\\\/#primaryimage\"},\"image\":{\"@id\":\"https:\\\/\\\/www.slurink.nl\\\/de\\\/nebenboote\\\/#primaryimage\"},\"thumbnailUrl\":\"https:\\\/\\\/slurink.nl\\\/wp-content\\\/uploads\\\/bijboot-tinsilver3.jpg\",\"datePublished\":\"2015-05-13T09:52:14+00:00\",\"dateModified\":\"2018-11-06T15:59:50+00:00\",\"breadcrumb\":{\"@id\":\"https:\\\/\\\/www.slurink.nl\\\/de\\\/nebenboote\\\/#breadcrumb\"},\"inLanguage\":\"de\",\"potentialAction\":[{\"@type\":\"ReadAction\",\"target\":[\"https:\\\/\\\/www.slurink.nl\\\/de\\\/nebenboote\\\/\"]}]},{\"@type\":\"ImageObject\",\"inLanguage\":\"de\",\"@id\":\"https:\\\/\\\/www.slurink.nl\\\/de\\\/nebenboote\\\/#primaryimage\",\"url\":\"https:\\\/\\\/slurink.nl\\\/wp-content\\\/uploads\\\/bijboot-tinsilver3.jpg\",\"contentUrl\":\"https:\\\/\\\/slurink.nl\\\/wp-content\\\/uploads\\\/bijboot-tinsilver3.jpg\"},{\"@type\":\"BreadcrumbList\",\"@id\":\"https:\\\/\\\/www.slurink.nl\\\/de\\\/nebenboote\\\/#breadcrumb\",\"itemListElement\":[{\"@type\":\"ListItem\",\"position\":1,\"name\":\"Home\",\"item\":\"https:\\\/\\\/www.slurink.nl\\\/de\\\/\"},{\"@type\":\"ListItem\",\"position\":2,\"name\":\"Nebenboote\"}]},{\"@type\":\"WebSite\",\"@id\":\"https:\\\/\\\/www.slurink.nl\\\/de\\\/#website\",\"url\":\"https:\\\/\\\/www.slurink.nl\\\/de\\\/\",\"name\":\"Slurink\",\"description\":\"Bunkerpunten in Dordrecht, Amsterdam, Lobith, Zaltbommel, Hansweert en Vlissingen\",\"potentialAction\":[{\"@type\":\"SearchAction\",\"target\":{\"@type\":\"EntryPoint\",\"urlTemplate\":\"https:\\\/\\\/www.slurink.nl\\\/de\\\/?s={search_term_string}\"},\"query-input\":{\"@type\":\"PropertyValueSpecification\",\"valueRequired\":true,\"valueName\":\"search_term_string\"}}],\"inLanguage\":\"de\"}]}<\/script>\n<!-- \/ Yoast SEO plugin. -->","yoast_head_json":{"title":"Nebenboote - Slurink","robots":{"index":"index","follow":"follow","max-snippet":"max-snippet:-1","max-image-preview":"max-image-preview:large","max-video-preview":"max-video-preview:-1"},"canonical":"https:\/\/www.slurink.nl\/de\/nebenboote\/","og_locale":"de_DE","og_type":"article","og_title":"Nebenboote - Slurink","og_url":"https:\/\/www.slurink.nl\/de\/nebenboote\/","og_site_name":"Slurink","article_modified_time":"2018-11-06T15:59:50+00:00","og_image":[{"url":"https:\/\/slurink.nl\/wp-content\/uploads\/bijboot-tinsilver3.jpg","type":"","width":"","height":""}],"twitter_card":"summary_large_image","twitter_misc":{"Gesch\u00e4tzte Lesezeit":"1\u00a0Minute"},"schema":{"@context":"https:\/\/schema.org","@graph":[{"@type":"WebPage","@id":"https:\/\/www.slurink.nl\/de\/nebenboote\/","url":"https:\/\/www.slurink.nl\/de\/nebenboote\/","name":"Nebenboote - Slurink","isPartOf":{"@id":"https:\/\/www.slurink.nl\/de\/#website"},"primaryImageOfPage":{"@id":"https:\/\/www.slurink.nl\/de\/nebenboote\/#primaryimage"},"image":{"@id":"https:\/\/www.slurink.nl\/de\/nebenboote\/#primaryimage"},"thumbnailUrl":"https:\/\/slurink.nl\/wp-content\/uploads\/bijboot-tinsilver3.jpg","datePublished":"2015-05-13T09:52:14+00:00","dateModified":"2018-11-06T15:59:50+00:00","breadcrumb":{"@id":"https:\/\/www.slurink.nl\/de\/nebenboote\/#breadcrumb"},"inLanguage":"de","potentialAction":[{"@type":"ReadAction","target":["https:\/\/www.slurink.nl\/de\/nebenboote\/"]}]},{"@type":"ImageObject","inLanguage":"de","@id":"https:\/\/www.slurink.nl\/de\/nebenboote\/#primaryimage","url":"https:\/\/slurink.nl\/wp-content\/uploads\/bijboot-tinsilver3.jpg","contentUrl":"https:\/\/slurink.nl\/wp-content\/uploads\/bijboot-tinsilver3.jpg"},{"@type":"BreadcrumbList","@id":"https:\/\/www.slurink.nl\/de\/nebenboote\/#breadcrumb","itemListElement":[{"@type":"ListItem","position":1,"name":"Home","item":"https:\/\/www.slurink.nl\/de\/"},{"@type":"ListItem","position":2,"name":"Nebenboote"}]},{"@type":"WebSite","@id":"https:\/\/www.slurink.nl\/de\/#website","url":"https:\/\/www.slurink.nl\/de\/","name":"Slurink","description":"Bunkerpunten in Dordrecht, Amsterdam, Lobith, Zaltbommel, Hansweert en Vlissingen","potentialAction":[{"@type":"SearchAction","target":{"@type":"EntryPoint","urlTemplate":"https:\/\/www.slurink.nl\/de\/?s={search_term_string}"},"query-input":{"@type":"PropertyValueSpecification","valueRequired":true,"valueName":"search_term_string"}}],"inLanguage":"de"}]}},"_links":{"self":[{"href":"https:\/\/www.slurink.nl\/de\/wp-json\/wp\/v2\/pages\/657","targetHints":{"allow":["GET"]}}],"collection":[{"href":"https:\/\/www.slurink.nl\/de\/wp-json\/wp\/v2\/pages"}],"about":[{"href":"https:\/\/www.slurink.nl\/de\/wp-json\/wp\/v2\/types\/page"}],"author":[{"embeddable":true,"href":"https:\/\/www.slurink.nl\/de\/wp-json\/wp\/v2\/users\/3"}],"replies":[{"embeddable":true,"href":"https:\/\/www.slurink.nl\/de\/wp-json\/wp\/v2\/comments?post=657"}],"version-history":[{"count":3,"href":"https:\/\/www.slurink.nl\/de\/wp-json\/wp\/v2\/pages\/657\/revisions"}],"predecessor-version":[{"id":759,"href":"https:\/\/www.slurink.nl\/de\/wp-json\/wp\/v2\/pages\/657\/revisions\/759"}],"wp:attachment":[{"href":"https:\/\/www.slurink.nl\/de\/wp-json\/wp\/v2\/media?parent=657"}],"curies":[{"name":"wp","href":"https:\/\/api.w.org\/{rel}","templated":true}]}}