{"id":652,"date":"2015-05-13T10:18:17","date_gmt":"2015-05-13T09:18:17","guid":{"rendered":"https:\/\/slurink.nl\/?page_id=652"},"modified":"2015-05-13T10:18:17","modified_gmt":"2015-05-13T09:18:17","slug":"ihr-auto-an-bord-bringen","status":"publish","type":"page","link":"https:\/\/www.slurink.nl\/de\/uber-slurink\/ihr-auto-an-bord-bringen\/","title":{"rendered":"Ihr Auto an Bord bringen"},"content":{"rendered":"<p>In Dordrecht\u00a0k\u00f6nnen Sie Ihr Auto von Bord und an Bord bringen. F\u00fcr sonstige Auto-Abstellpl\u00e4tze klicken Sie auf\u00a0<a href=\"www.autosteigers.nl\">www.autosteigers.nl<\/a><\/p>\n<p>&nbsp;<\/p>\n\n\t\t\t<style type='text\/css'>\n\t\t\t\t#gallery-1 {\n\t\t\t\t\tmargin: auto;\n\t\t\t\t}\n\t\t\t\t#gallery-1 .gallery-item {\n\t\t\t\t\tfloat: left;\n\t\t\t\t\tmargin-top: 10px;\n\t\t\t\t\ttext-align: center;\n\t\t\t\t\twidth: 25%;\n\t\t\t\t}\n\t\t\t\t#gallery-1 img {\n\t\t\t\t\tborder: 2px solid #cfcfcf;\n\t\t\t\t}\n\t\t\t\t#gallery-1 .gallery-caption {\n\t\t\t\t\tmargin-left: 0;\n\t\t\t\t}\n\t\t\t<\/style>\n\t\t\t<!-- see gallery_shortcode() in wp-includes\/media.php -->\n\t\t\t<div id='gallery-1' class='gallery galleryid-652'><dl class='gallery-item'>\n\t\t\t<dt class='gallery-icon'>\n\t\t\t\t<a href='https:\/\/www.slurink.nl\/de\/uber-slurink\/ihr-auto-an-bord-bringen\/esperanto-auto-afzetten-2\/'><img loading=\"lazy\" decoding=\"async\" width=\"150\" height=\"150\" src=\"https:\/\/www.slurink.nl\/wp-content\/uploads\/esperanto-auto-afzetten-150x150.png\" class=\"attachment-thumbnail size-thumbnail\" alt=\"\" \/><\/a>\n\t\t\t<\/dt><\/dl><dl class='gallery-item'>\n\t\t\t<dt class='gallery-icon'>\n\t\t\t\t<a href='https:\/\/www.slurink.nl\/de\/uber-slurink\/ihr-auto-an-bord-bringen\/auto-afzetten-3\/'><img loading=\"lazy\" decoding=\"async\" width=\"150\" height=\"150\" src=\"https:\/\/www.slurink.nl\/wp-content\/uploads\/auto-afzetten-150x150.jpg\" class=\"attachment-thumbnail size-thumbnail\" alt=\"\" \/><\/a>\n\t\t\t<\/dt><\/dl>\n\t\t\t<br style='clear: both;'>\n\t\t<\/div>\n\n<p>&nbsp;<\/p>\n<p>&nbsp;<\/p>\n","protected":false},"excerpt":{"rendered":"<p>In Dordrecht\u00a0k\u00f6nnen Sie Ihr Auto von Bord und an Bord&#8230;<\/p>\n","protected":false},"author":3,"featured_media":1075,"parent":667,"menu_order":0,"comment_status":"open","ping_status":"open","template":"","meta":{"footnotes":""},"class_list":["post-652","page","type-page","status-publish","has-post-thumbnail","hentry"],"yoast_head":"<!-- This site is optimized with the Yoast SEO plugin v27.3 - https:\/\/yoast.com\/product\/yoast-seo-wordpress\/ -->\n<title>Ihr Auto an Bord bringen - Slurink<\/title>\n<meta name=\"robots\" content=\"index, follow, max-snippet:-1, max-image-preview:large, max-video-preview:-1\" \/>\n<link rel=\"canonical\" href=\"https:\/\/www.slurink.nl\/de\/uber-slurink\/ihr-auto-an-bord-bringen\/\" \/>\n<meta property=\"og:locale\" content=\"de_DE\" \/>\n<meta property=\"og:type\" content=\"article\" \/>\n<meta property=\"og:title\" content=\"Ihr Auto an Bord bringen - Slurink\" \/>\n<meta property=\"og:description\" content=\"In Dordrecht\u00a0k\u00f6nnen Sie Ihr Auto von Bord und an Bord...\" \/>\n<meta property=\"og:url\" content=\"https:\/\/www.slurink.nl\/de\/uber-slurink\/ihr-auto-an-bord-bringen\/\" \/>\n<meta property=\"og:site_name\" content=\"Slurink\" \/>\n<meta property=\"og:image\" content=\"https:\/\/www.slurink.nl\/wp-content\/uploads\/foto-autosteiger-dordrecht-header.jpg\" \/>\n\t<meta property=\"og:image:width\" content=\"1600\" \/>\n\t<meta property=\"og:image:height\" content=\"565\" \/>\n\t<meta property=\"og:image:type\" content=\"image\/jpeg\" \/>\n<meta name=\"twitter:card\" content=\"summary_large_image\" \/>\n<script type=\"application\/ld+json\" class=\"yoast-schema-graph\">{\"@context\":\"https:\\\/\\\/schema.org\",\"@graph\":[{\"@type\":\"WebPage\",\"@id\":\"https:\\\/\\\/www.slurink.nl\\\/de\\\/uber-slurink\\\/ihr-auto-an-bord-bringen\\\/\",\"url\":\"https:\\\/\\\/www.slurink.nl\\\/de\\\/uber-slurink\\\/ihr-auto-an-bord-bringen\\\/\",\"name\":\"Ihr Auto an Bord bringen - Slurink\",\"isPartOf\":{\"@id\":\"https:\\\/\\\/www.slurink.nl\\\/de\\\/#website\"},\"primaryImageOfPage\":{\"@id\":\"https:\\\/\\\/www.slurink.nl\\\/de\\\/uber-slurink\\\/ihr-auto-an-bord-bringen\\\/#primaryimage\"},\"image\":{\"@id\":\"https:\\\/\\\/www.slurink.nl\\\/de\\\/uber-slurink\\\/ihr-auto-an-bord-bringen\\\/#primaryimage\"},\"thumbnailUrl\":\"https:\\\/\\\/www.slurink.nl\\\/wp-content\\\/uploads\\\/foto-autosteiger-dordrecht-header.jpg\",\"datePublished\":\"2015-05-13T09:18:17+00:00\",\"breadcrumb\":{\"@id\":\"https:\\\/\\\/www.slurink.nl\\\/de\\\/uber-slurink\\\/ihr-auto-an-bord-bringen\\\/#breadcrumb\"},\"inLanguage\":\"de\",\"potentialAction\":[{\"@type\":\"ReadAction\",\"target\":[\"https:\\\/\\\/www.slurink.nl\\\/de\\\/uber-slurink\\\/ihr-auto-an-bord-bringen\\\/\"]}]},{\"@type\":\"ImageObject\",\"inLanguage\":\"de\",\"@id\":\"https:\\\/\\\/www.slurink.nl\\\/de\\\/uber-slurink\\\/ihr-auto-an-bord-bringen\\\/#primaryimage\",\"url\":\"https:\\\/\\\/www.slurink.nl\\\/wp-content\\\/uploads\\\/foto-autosteiger-dordrecht-header.jpg\",\"contentUrl\":\"https:\\\/\\\/www.slurink.nl\\\/wp-content\\\/uploads\\\/foto-autosteiger-dordrecht-header.jpg\",\"width\":1600,\"height\":565},{\"@type\":\"BreadcrumbList\",\"@id\":\"https:\\\/\\\/www.slurink.nl\\\/de\\\/uber-slurink\\\/ihr-auto-an-bord-bringen\\\/#breadcrumb\",\"itemListElement\":[{\"@type\":\"ListItem\",\"position\":1,\"name\":\"Home\",\"item\":\"https:\\\/\\\/www.slurink.nl\\\/de\\\/\"},{\"@type\":\"ListItem\",\"position\":2,\"name\":\"\u00dcber Slurink\",\"item\":\"https:\\\/\\\/www.slurink.nl\\\/de\\\/uber-slurink\\\/\"},{\"@type\":\"ListItem\",\"position\":3,\"name\":\"Ihr Auto an Bord bringen\"}]},{\"@type\":\"WebSite\",\"@id\":\"https:\\\/\\\/www.slurink.nl\\\/de\\\/#website\",\"url\":\"https:\\\/\\\/www.slurink.nl\\\/de\\\/\",\"name\":\"Slurink\",\"description\":\"Bunkerpunten in Dordrecht, Amsterdam, Lobith, Zaltbommel, Hansweert en Vlissingen\",\"potentialAction\":[{\"@type\":\"SearchAction\",\"target\":{\"@type\":\"EntryPoint\",\"urlTemplate\":\"https:\\\/\\\/www.slurink.nl\\\/de\\\/?s={search_term_string}\"},\"query-input\":{\"@type\":\"PropertyValueSpecification\",\"valueRequired\":true,\"valueName\":\"search_term_string\"}}],\"inLanguage\":\"de\"}]}<\/script>\n<!-- \/ Yoast SEO plugin. -->","yoast_head_json":{"title":"Ihr Auto an Bord bringen - Slurink","robots":{"index":"index","follow":"follow","max-snippet":"max-snippet:-1","max-image-preview":"max-image-preview:large","max-video-preview":"max-video-preview:-1"},"canonical":"https:\/\/www.slurink.nl\/de\/uber-slurink\/ihr-auto-an-bord-bringen\/","og_locale":"de_DE","og_type":"article","og_title":"Ihr Auto an Bord bringen - Slurink","og_description":"In Dordrecht\u00a0k\u00f6nnen Sie Ihr Auto von Bord und an Bord...","og_url":"https:\/\/www.slurink.nl\/de\/uber-slurink\/ihr-auto-an-bord-bringen\/","og_site_name":"Slurink","og_image":[{"width":1600,"height":565,"url":"https:\/\/www.slurink.nl\/wp-content\/uploads\/foto-autosteiger-dordrecht-header.jpg","type":"image\/jpeg"}],"twitter_card":"summary_large_image","schema":{"@context":"https:\/\/schema.org","@graph":[{"@type":"WebPage","@id":"https:\/\/www.slurink.nl\/de\/uber-slurink\/ihr-auto-an-bord-bringen\/","url":"https:\/\/www.slurink.nl\/de\/uber-slurink\/ihr-auto-an-bord-bringen\/","name":"Ihr Auto an Bord bringen - Slurink","isPartOf":{"@id":"https:\/\/www.slurink.nl\/de\/#website"},"primaryImageOfPage":{"@id":"https:\/\/www.slurink.nl\/de\/uber-slurink\/ihr-auto-an-bord-bringen\/#primaryimage"},"image":{"@id":"https:\/\/www.slurink.nl\/de\/uber-slurink\/ihr-auto-an-bord-bringen\/#primaryimage"},"thumbnailUrl":"https:\/\/www.slurink.nl\/wp-content\/uploads\/foto-autosteiger-dordrecht-header.jpg","datePublished":"2015-05-13T09:18:17+00:00","breadcrumb":{"@id":"https:\/\/www.slurink.nl\/de\/uber-slurink\/ihr-auto-an-bord-bringen\/#breadcrumb"},"inLanguage":"de","potentialAction":[{"@type":"ReadAction","target":["https:\/\/www.slurink.nl\/de\/uber-slurink\/ihr-auto-an-bord-bringen\/"]}]},{"@type":"ImageObject","inLanguage":"de","@id":"https:\/\/www.slurink.nl\/de\/uber-slurink\/ihr-auto-an-bord-bringen\/#primaryimage","url":"https:\/\/www.slurink.nl\/wp-content\/uploads\/foto-autosteiger-dordrecht-header.jpg","contentUrl":"https:\/\/www.slurink.nl\/wp-content\/uploads\/foto-autosteiger-dordrecht-header.jpg","width":1600,"height":565},{"@type":"BreadcrumbList","@id":"https:\/\/www.slurink.nl\/de\/uber-slurink\/ihr-auto-an-bord-bringen\/#breadcrumb","itemListElement":[{"@type":"ListItem","position":1,"name":"Home","item":"https:\/\/www.slurink.nl\/de\/"},{"@type":"ListItem","position":2,"name":"\u00dcber Slurink","item":"https:\/\/www.slurink.nl\/de\/uber-slurink\/"},{"@type":"ListItem","position":3,"name":"Ihr Auto an Bord bringen"}]},{"@type":"WebSite","@id":"https:\/\/www.slurink.nl\/de\/#website","url":"https:\/\/www.slurink.nl\/de\/","name":"Slurink","description":"Bunkerpunten in Dordrecht, Amsterdam, Lobith, Zaltbommel, Hansweert en Vlissingen","potentialAction":[{"@type":"SearchAction","target":{"@type":"EntryPoint","urlTemplate":"https:\/\/www.slurink.nl\/de\/?s={search_term_string}"},"query-input":{"@type":"PropertyValueSpecification","valueRequired":true,"valueName":"search_term_string"}}],"inLanguage":"de"}]}},"_links":{"self":[{"href":"https:\/\/www.slurink.nl\/de\/wp-json\/wp\/v2\/pages\/652","targetHints":{"allow":["GET"]}}],"collection":[{"href":"https:\/\/www.slurink.nl\/de\/wp-json\/wp\/v2\/pages"}],"about":[{"href":"https:\/\/www.slurink.nl\/de\/wp-json\/wp\/v2\/types\/page"}],"author":[{"embeddable":true,"href":"https:\/\/www.slurink.nl\/de\/wp-json\/wp\/v2\/users\/3"}],"replies":[{"embeddable":true,"href":"https:\/\/www.slurink.nl\/de\/wp-json\/wp\/v2\/comments?post=652"}],"version-history":[{"count":1,"href":"https:\/\/www.slurink.nl\/de\/wp-json\/wp\/v2\/pages\/652\/revisions"}],"predecessor-version":[{"id":653,"href":"https:\/\/www.slurink.nl\/de\/wp-json\/wp\/v2\/pages\/652\/revisions\/653"}],"up":[{"embeddable":true,"href":"https:\/\/www.slurink.nl\/de\/wp-json\/wp\/v2\/pages\/667"}],"wp:featuredmedia":[{"embeddable":true,"href":"https:\/\/www.slurink.nl\/de\/wp-json\/wp\/v2\/media\/1075"}],"wp:attachment":[{"href":"https:\/\/www.slurink.nl\/de\/wp-json\/wp\/v2\/media?parent=652"}],"curies":[{"name":"wp","href":"https:\/\/api.w.org\/{rel}","templated":true}]}}